{"id":1242,"date":"2017-10-11T14:59:27","date_gmt":"2017-10-11T13:59:27","guid":{"rendered":"http:\/\/www.purr-fect.de\/wp\/?page_id=1242"},"modified":"2017-10-11T15:01:39","modified_gmt":"2017-10-11T14:01:39","slug":"katzen","status":"publish","type":"page","link":"https:\/\/www.purr-fect.de\/wp\/produkte\/schmuck\/katzen\/","title":{"rendered":"Katzen"},"content":{"rendered":"<figure id=\"attachment_411\" aria-describedby=\"caption-attachment-411\" style=\"width: 300px\" class=\"wp-caption alignnone\"><img loading=\"lazy\" decoding=\"async\" class=\"wp-image-411 size-medium\" src=\"https:\/\/www.purr-fect.de\/wp\/wp-content\/uploads\/2016\/02\/Anh-s-cat-opak-grey-grey-25x25-_s-IMG_8142-S-300x241.jpg\" alt=\"Anh-s-cat-opak grey grey 2,5x2,5 _s IMG_8142 S\" width=\"300\" height=\"241\" srcset=\"https:\/\/www.purr-fect.de\/wp\/wp-content\/uploads\/2016\/02\/Anh-s-cat-opak-grey-grey-25x25-_s-IMG_8142-S-300x241.jpg 300w, https:\/\/www.purr-fect.de\/wp\/wp-content\/uploads\/2016\/02\/Anh-s-cat-opak-grey-grey-25x25-_s-IMG_8142-S.jpg 418w\" sizes=\"auto, (max-width: 300px) 100vw, 300px\" \/><figcaption id=\"caption-attachment-411\" class=\"wp-caption-text\">Katzen-Anh\u00e4nger <strong>&#8222;dark-grey with light-grey&#8220;<\/strong> (2,5 X 2,5 cm) \/ \u00d6se silberfarbene Pfote<\/figcaption><\/figure>\n<figure id=\"attachment_410\" aria-describedby=\"caption-attachment-410\" style=\"width: 300px\" class=\"wp-caption alignleft\"><img loading=\"lazy\" decoding=\"async\" class=\"wp-image-410 size-medium\" src=\"https:\/\/www.purr-fect.de\/wp\/wp-content\/uploads\/2016\/02\/Anh-s-cat-opak-grey-black-25x25-_s-IMG_8147-S-300x243.jpg\" alt=\"Anh-s-cat-opak grey black 2,5x2,5 _s IMG_8147 S\" width=\"300\" height=\"243\" srcset=\"https:\/\/www.purr-fect.de\/wp\/wp-content\/uploads\/2016\/02\/Anh-s-cat-opak-grey-black-25x25-_s-IMG_8147-S-300x243.jpg 300w, https:\/\/www.purr-fect.de\/wp\/wp-content\/uploads\/2016\/02\/Anh-s-cat-opak-grey-black-25x25-_s-IMG_8147-S.jpg 415w\" sizes=\"auto, (max-width: 300px) 100vw, 300px\" \/><figcaption id=\"caption-attachment-410\" class=\"wp-caption-text\">Katzen-Anh\u00e4nger <strong>&#8222;dark-grey with black&#8220;<\/strong> (2,5 X 2,5 cm) \/ \u00d6se silberfarbene Pfote<\/figcaption><\/figure>\n<p>&nbsp;<\/p>\n<figure id=\"attachment_409\" aria-describedby=\"caption-attachment-409\" style=\"width: 300px\" class=\"wp-caption alignnone\"><img loading=\"lazy\" decoding=\"async\" class=\"wp-image-409 size-medium\" src=\"https:\/\/www.purr-fect.de\/wp\/wp-content\/uploads\/2016\/02\/Anh-s-cat-opak-black_grey-25x25-_s-IMG_8135-S-300x243.jpg\" alt=\"Anh-s-cat-opak black_grey 2,5x2,5 _s IMG_8135 S\" width=\"300\" height=\"243\" srcset=\"https:\/\/www.purr-fect.de\/wp\/wp-content\/uploads\/2016\/02\/Anh-s-cat-opak-black_grey-25x25-_s-IMG_8135-S-300x243.jpg 300w, https:\/\/www.purr-fect.de\/wp\/wp-content\/uploads\/2016\/02\/Anh-s-cat-opak-black_grey-25x25-_s-IMG_8135-S.jpg 414w\" sizes=\"auto, (max-width: 300px) 100vw, 300px\" \/><figcaption id=\"caption-attachment-409\" class=\"wp-caption-text\">Katzen-Anh\u00e4nger <strong>&#8222;black cat with dark-grey ears&#8220;<\/strong> (2,5 X 2,5 cm) \/ \u00d6se silberfarbene Pfote<\/figcaption><\/figure>\n<figure id=\"attachment_412\" aria-describedby=\"caption-attachment-412\" style=\"width: 300px\" class=\"wp-caption alignleft\"><img loading=\"lazy\" decoding=\"async\" class=\"wp-image-412 size-medium\" src=\"https:\/\/www.purr-fect.de\/wp\/wp-content\/uploads\/2016\/02\/Anh-s-cat-opakblack-grey-3-25x25-_s-IMG_8152-S-300x239.jpg\" alt=\"Anh-s-cat-opakblack grey (3) 2,5x2,5 _s IMG_8152 S\" width=\"300\" height=\"239\" srcset=\"https:\/\/www.purr-fect.de\/wp\/wp-content\/uploads\/2016\/02\/Anh-s-cat-opakblack-grey-3-25x25-_s-IMG_8152-S-300x239.jpg 300w, https:\/\/www.purr-fect.de\/wp\/wp-content\/uploads\/2016\/02\/Anh-s-cat-opakblack-grey-3-25x25-_s-IMG_8152-S.jpg 421w\" sizes=\"auto, (max-width: 300px) 100vw, 300px\" \/><figcaption id=\"caption-attachment-412\" class=\"wp-caption-text\">Katzen-Anh\u00e4nger <strong>&#8222;black cat with dark-grey ears &amp; metallic nose&#8220;<\/strong> (2,5 X 2,5 cm) \/ \u00d6se silberfarbene Pfote<\/figcaption><\/figure>\n<p>&nbsp;<\/p>\n<p>&nbsp;<\/p>\n<p>&nbsp;<\/p>\n<p>&nbsp;<\/p>\n<p>&nbsp;<\/p>\n<p>&nbsp;<\/p>\n<p>&nbsp;<\/p>\n<p>&nbsp;<\/p>\n<figure id=\"attachment_408\" aria-describedby=\"caption-attachment-408\" style=\"width: 300px\" class=\"wp-caption alignleft\"><img loading=\"lazy\" decoding=\"async\" class=\"wp-image-408 size-medium\" src=\"https:\/\/www.purr-fect.de\/wp\/wp-content\/uploads\/2016\/02\/Anh-s-cat-opak-black_grey-2-25x25-_s-IMG_8139-S-300x270.jpg\" alt=\"Anh-s-cat-opak black_grey (2) 2,5x2,5 _s IMG_8139 S\" width=\"300\" height=\"270\" srcset=\"https:\/\/www.purr-fect.de\/wp\/wp-content\/uploads\/2016\/02\/Anh-s-cat-opak-black_grey-2-25x25-_s-IMG_8139-S-300x270.jpg 300w, https:\/\/www.purr-fect.de\/wp\/wp-content\/uploads\/2016\/02\/Anh-s-cat-opak-black_grey-2-25x25-_s-IMG_8139-S.jpg 373w\" sizes=\"auto, (max-width: 300px) 100vw, 300px\" \/><figcaption id=\"caption-attachment-408\" class=\"wp-caption-text\">Katzen-Anh\u00e4nger <strong>&#8222;black cat with dark-grey ears &amp; metallic nose&#8220;<\/strong> (2,5 X 2,5 cm) \/ \u00d6se silberfarbene Pfote<\/figcaption><\/figure>\n<p>&nbsp;<\/p>\n<p>&nbsp;<\/p>\n<p>&nbsp;<\/p>\n<p>&nbsp;<\/p>\n<p>&nbsp;<\/p>\n<p>&nbsp;<\/p>\n<p>&nbsp;<\/p>\n<p>&nbsp;<\/p>\n<p>&nbsp;<\/p>\n<figure id=\"attachment_553\" aria-describedby=\"caption-attachment-553\" style=\"width: 300px\" class=\"wp-caption alignleft\"><img loading=\"lazy\" decoding=\"async\" class=\"wp-image-553 size-medium\" src=\"https:\/\/www.purr-fect.de\/wp\/wp-content\/uploads\/2016\/02\/Brosche-black-cat-_IMG_8554-Sel-kompr-300x292.jpg\" alt=\"\" width=\"300\" height=\"292\" srcset=\"https:\/\/www.purr-fect.de\/wp\/wp-content\/uploads\/2016\/02\/Brosche-black-cat-_IMG_8554-Sel-kompr-300x292.jpg 300w, https:\/\/www.purr-fect.de\/wp\/wp-content\/uploads\/2016\/02\/Brosche-black-cat-_IMG_8554-Sel-kompr.jpg 345w\" sizes=\"auto, (max-width: 300px) 100vw, 300px\" \/><figcaption id=\"caption-attachment-553\" class=\"wp-caption-text\">Brosche <strong>&#8222;black cat with dark-grey ears &amp; metallic nose&#8220;<\/strong> (2,5 X 2,5 cm) \/ Magnetverschluss (silberfarben) 2,5 &#8211; 5 KG &#8211; [BRIS_153_a]<\/figcaption><\/figure>\n<p>&nbsp;<\/p>\n<p>&nbsp;<\/p>\n<p>&nbsp;<\/p>\n<p>&nbsp;<\/p>\n<p>&nbsp;<\/p>\n<p>&nbsp;<\/p>\n<p>&nbsp;<\/p>\n<p>&nbsp;<\/p>\n<p>&nbsp;<\/p>\n<figure id=\"attachment_733\" aria-describedby=\"caption-attachment-733\" style=\"width: 300px\" class=\"wp-caption alignleft\"><img loading=\"lazy\" decoding=\"async\" class=\"wp-image-733 size-medium\" src=\"https:\/\/www.purr-fect.de\/wp\/wp-content\/uploads\/2016\/03\/IMG_8887-Sel-300x289.jpg\" alt=\"\" width=\"300\" height=\"289\" srcset=\"https:\/\/www.purr-fect.de\/wp\/wp-content\/uploads\/2016\/03\/IMG_8887-Sel-300x289.jpg 300w, https:\/\/www.purr-fect.de\/wp\/wp-content\/uploads\/2016\/03\/IMG_8887-Sel.jpg 349w\" sizes=\"auto, (max-width: 300px) 100vw, 300px\" \/><figcaption id=\"caption-attachment-733\" class=\"wp-caption-text\">Brosche <strong>&#8222;dark grey cat with black ears &amp; metallic nose&#8220;<\/strong> (2,5 X 2,5 cm) \/ Magnetverschluss (silberfarben) 2,5 &#8211; 5 KG &#8211; [BRIS_154_a]<\/figcaption><\/figure>\n<p>&nbsp;<\/p>\n<p>&nbsp;<\/p>\n<p>&nbsp;<\/p>\n<p>&nbsp;<\/p>\n<p>&nbsp;<\/p>\n<p>&nbsp;<\/p>\n<p>&nbsp;<\/p>\n<p>&nbsp;<\/p>\n<p>&nbsp;<\/p>\n<figure id=\"attachment_354\" aria-describedby=\"caption-attachment-354\" style=\"width: 300px\" class=\"wp-caption alignleft\"><img loading=\"lazy\" decoding=\"async\" class=\"wp-image-354 size-medium\" src=\"https:\/\/www.purr-fect.de\/wp\/wp-content\/uploads\/2016\/02\/Anh-m-circ-transp-iris-black-cat-paw-35-_s-IMG_8176-S-300x292.jpg\" alt=\"Anh-m-circ-transp iris-black cat paw 3,5 _s IMG_8176 S\" width=\"300\" height=\"292\" srcset=\"https:\/\/www.purr-fect.de\/wp\/wp-content\/uploads\/2016\/02\/Anh-m-circ-transp-iris-black-cat-paw-35-_s-IMG_8176-S-300x292.jpg 300w, https:\/\/www.purr-fect.de\/wp\/wp-content\/uploads\/2016\/02\/Anh-m-circ-transp-iris-black-cat-paw-35-_s-IMG_8176-S.jpg 345w\" sizes=\"auto, (max-width: 300px) 100vw, 300px\" \/><figcaption id=\"caption-attachment-354\" class=\"wp-caption-text\">Katzen-Anh\u00e4nger <strong>&#8222;cat paw relief<\/strong> (iriscedent black on clear) &#8220; (circle 3,5 cm) \/ \u00d6se silberfarbene Pfote<\/figcaption><\/figure>\n<p>&nbsp;<\/p>\n<p>&nbsp;<\/p>\n<p>&nbsp;<\/p>\n<p>&nbsp;<\/p>\n<p>&nbsp;<\/p>\n<p>&nbsp;<\/p>\n<p>&nbsp;<\/p>\n<p>&nbsp;<\/p>\n<p>&nbsp;<\/p>\n<p>&nbsp;<\/p>\n<h6>Alle gezeigten und\/oder beschriebene Glas &#8211; Produkte, Produktkombinationen, Bilder, Fotos &amp; Design sind gesch\u00fctzt sowie geistiges Eigentum von Willy Asselborn<br \/>\nmit Stand (Ver\u00f6ffentlichungs- Datum seit 01.01.2016 ). Diese d\u00fcrfen nur mit gesonderter und ausdr\u00fccklicher Genehmigung von Willy Asselborn verwendet werden.<\/h6>\n<p>&nbsp;<\/p>\n","protected":false},"excerpt":{"rendered":"<p>&nbsp; &nbsp; &nbsp; &nbsp; &nbsp; &nbsp; &nbsp; &nbsp; &nbsp; &nbsp; &nbsp; &nbsp; &nbsp; &nbsp; &nbsp; &nbsp; &nbsp; &nbsp; &nbsp; &nbsp; &nbsp; &nbsp; &nbsp; &nbsp; &nbsp; &nbsp; &nbsp; &nbsp; &nbsp; &nbsp; &nbsp; &nbsp; &nbsp; &nbsp; &nbsp; &nbsp; &nbsp; &nbsp; &nbsp; &nbsp; &nbsp; &nbsp; &nbsp; &nbsp; &nbsp; &nbsp; &nbsp; &nbsp; Alle gezeigten und\/oder beschriebene Glas &#8211; Produkte, [&hellip;]<\/p>\n","protected":false},"author":1,"featured_media":0,"parent":143,"menu_order":0,"comment_status":"closed","ping_status":"closed","template":"","meta":{"footnotes":""},"class_list":["post-1242","page","type-page","status-publish","hentry"],"_links":{"self":[{"href":"https:\/\/www.purr-fect.de\/wp\/wp-json\/wp\/v2\/pages\/1242","targetHints":{"allow":["GET"]}}],"collection":[{"href":"https:\/\/www.purr-fect.de\/wp\/wp-json\/wp\/v2\/pages"}],"about":[{"href":"https:\/\/www.purr-fect.de\/wp\/wp-json\/wp\/v2\/types\/page"}],"author":[{"embeddable":true,"href":"https:\/\/www.purr-fect.de\/wp\/wp-json\/wp\/v2\/users\/1"}],"replies":[{"embeddable":true,"href":"https:\/\/www.purr-fect.de\/wp\/wp-json\/wp\/v2\/comments?post=1242"}],"version-history":[{"count":2,"href":"https:\/\/www.purr-fect.de\/wp\/wp-json\/wp\/v2\/pages\/1242\/revisions"}],"predecessor-version":[{"id":1245,"href":"https:\/\/www.purr-fect.de\/wp\/wp-json\/wp\/v2\/pages\/1242\/revisions\/1245"}],"up":[{"embeddable":true,"href":"https:\/\/www.purr-fect.de\/wp\/wp-json\/wp\/v2\/pages\/143"}],"wp:attachment":[{"href":"https:\/\/www.purr-fect.de\/wp\/wp-json\/wp\/v2\/media?parent=1242"}],"curies":[{"name":"wp","href":"https:\/\/api.w.org\/{rel}","templated":true}]}}